{"id":5772,"date":"2024-08-18T21:38:58","date_gmt":"2024-08-18T18:38:58","guid":{"rendered":"https:\/\/www.coborator.com\/?page_id=5772"},"modified":"2024-08-18T21:40:06","modified_gmt":"2024-08-18T18:40:06","slug":"4-ve-5-eksen-doner-tabla","status":"publish","type":"page","link":"https:\/\/www.coborator.com\/en\/4-ve-5-eksen-doner-tabla\/","title":{"rendered":"4. ve 5. Eksen D\u00f6ner Tabla"},"content":{"rendered":"<div class=\"wpb-content-wrapper\"><p>[vc_row tm_bgimagefixed=&#8221;&#8221; css=&#8221;.vc_custom_1724006355577{margin-top: 64px !important;}&#8221;][vc_column][vc_custom_heading text=&#8221;Sayfa Yap\u0131m A\u015famas\u0131nda&#8221; font_container=&#8221;tag:h3|text_align:center|color:%230337f2&#8243; use_theme_fonts=&#8221;yes&#8221; css=&#8221;&#8221;][vc_column_text css=&#8221;&#8221;]<\/p>\n<p style=\"text-align: center;\">\u0130\u00e7erikler MAKTEK 2024 Fuar\u0131ndan \u00f6nce yay\u0131nda olacakt\u0131r. \u0130lginiz i\u00e7in te\u015fekk\u00fcr ederiz.<\/p>\n<p>[\/vc_column_text][\/vc_column][\/vc_row]<\/p>\n<\/div>","protected":false},"excerpt":{"rendered":"<p>[vc_row tm_bgimagefixed=&#8221;&#8221; css=&#8221;.vc_custom_1724006355577{margin-top: 64px !important;}&#8221;][vc_column][vc_custom_heading text=&#8221;Sayfa Yap\u0131m A\u015famas\u0131nda&#8221; font_container=&#8221;tag:h3|text_align:center|color:%230337f2&#8243; use_theme_fonts=&#8221;yes&#8221; css=&#8221;&#8221;][vc_column_text css=&#8221;&#8221;] \u0130\u00e7erikler MAKTEK 2024 Fuar\u0131ndan \u00f6nce yay\u0131nda olacakt\u0131r. \u0130lginiz i\u00e7in te\u015fekk\u00fcr ederiz. [\/vc_column_text][\/vc_column][\/vc_row]<\/p>\n","protected":false},"author":1,"featured_media":0,"parent":0,"menu_order":0,"comment_status":"closed","ping_status":"closed","template":"","meta":{"footnotes":""},"class_list":["post-5772","page","type-page","status-publish","hentry"],"_links":{"self":[{"href":"https:\/\/www.coborator.com\/en\/wp-json\/wp\/v2\/pages\/5772","targetHints":{"allow":["GET"]}}],"collection":[{"href":"https:\/\/www.coborator.com\/en\/wp-json\/wp\/v2\/pages"}],"about":[{"href":"https:\/\/www.coborator.com\/en\/wp-json\/wp\/v2\/types\/page"}],"author":[{"embeddable":true,"href":"https:\/\/www.coborator.com\/en\/wp-json\/wp\/v2\/users\/1"}],"replies":[{"embeddable":true,"href":"https:\/\/www.coborator.com\/en\/wp-json\/wp\/v2\/comments?post=5772"}],"version-history":[{"count":3,"href":"https:\/\/www.coborator.com\/en\/wp-json\/wp\/v2\/pages\/5772\/revisions"}],"predecessor-version":[{"id":5775,"href":"https:\/\/www.coborator.com\/en\/wp-json\/wp\/v2\/pages\/5772\/revisions\/5775"}],"wp:attachment":[{"href":"https:\/\/www.coborator.com\/en\/wp-json\/wp\/v2\/media?parent=5772"}],"curies":[{"name":"wp","href":"https:\/\/api.w.org\/{rel}","templated":true}]}}