{"id":5605,"date":"2024-08-15T14:47:49","date_gmt":"2024-08-15T11:47:49","guid":{"rendered":"https:\/\/www.coborator.com\/?page_id=5605"},"modified":"2024-08-15T14:57:37","modified_gmt":"2024-08-15T11:57:37","slug":"kvkk","status":"publish","type":"page","link":"https:\/\/www.coborator.com\/en\/kvkk\/","title":{"rendered":"KVKK"},"content":{"rendered":"<p><strong>Ki\u015fisel Veri Koruma A\u00e7\u0131klamas\u0131 ve Ayd\u0131nlatma Metni<\/strong><\/p>\n<p>MACHINNOVA M\u00dcHEND\u0130SL\u0130K VE OTOMASYON SAN. VE T\u0130C. LTD. \u015eT\u0130. olarak sizlere ait ki\u015fisel verilerin ve \u00f6zel bilgilerin korunmas\u0131 bizim i\u00e7in \u00f6nemlidir. Bu nedenle \u015firketimiz ile ili\u015fkili \u015fah\u0131slara ait ki\u015fisel verilerin 6698 say\u0131l\u0131 Ki\u015fisel Verilerin Korunmas\u0131 Kanununa (\u201cKVKK\u201d) uygun olarak i\u015flenerek, muhafaza edilmesi hususunda gereken b\u00fct\u00fcn gayret ve \u00f6zeni g\u00f6steriyoruz. Veri Sorumlusu s\u0131fat\u0131yla MACHINNOVA M\u00dcHEND\u0130SL\u0130K VE OTOMASYON SAN. VE T\u0130C. LTD. \u015eT\u0130. , ki\u015fisel verilerinizle ilgili b\u00fct\u00fcn i\u015flemlerde verilerinizin korunmas\u0131 i\u00e7in gereken idari ve teknik tedbirler almakta, KVKK do\u011frultusunda, ki\u015fisel verilerinizi a\u015fa\u011f\u0131da a\u00e7\u0131klanan \u015fartlarda ve mevzuatta \u00f6ng\u00f6r\u00fclen s\u0131n\u0131rlar dahilinde i\u015flemektedir.<\/p>\n<p>\u0130nternet sitemizin ziyaret edilmesi s\u0131ras\u0131nda kaydedilen ki\u015fisel bilgiler, Ki\u015fisel Verilerin Korunmas\u0131na ili\u015fkin mevzuat gere\u011fince i\u015flenmektedir. Bu konuda yine sayfam\u0131zda bulabilece\u011finiz <strong><em><u>Gizlilik Politikam\u0131z\u0131 <\/u><\/em><\/strong>inceleyiniz. Ancak \u00f6nemle belirtelim ki, <a href=\"http:\/\/www.coborator.com\/\">www.coborator.com<\/a> internet sitesinde yap\u0131lan y\u00f6nlendirmelerde (link verilen) di\u011fer internet sitelerindeki veri g\u00fcvenli\u011fi konusunda bir garanti sunulamamaktad\u0131r. Bu konuda ilgili sayfan\u0131n veri g\u00fcvenli\u011fi ile ilgili politikas\u0131 dikkatlice incelenmelidir.<\/p>\n<h3>1.\u00a0 Hukuki Nitelik ve Kapsam<\/h3>\n<p>6698 say\u0131l\u0131 Ki\u015fisel Verilerin Korunmas\u0131 Kanunu\u2019nun (\u201cKVKK\u201d) 10\u2019uncu maddesi, verileri i\u015flenen kimselerin onaylar\u0131 al\u0131n\u0131rken kendisinin ayd\u0131nlat\u0131lmas\u0131n\u0131 istemi\u015ftir. Madde ba\u015fl\u0131\u011f\u0131 \u201cVeri Sorumlusunun Ayd\u0131nlatma Y\u00fck\u00fcml\u00fcl\u00fc\u011f\u00fc\u201dd\u00fcr.<\/p>\n<p>KVKK h\u00fck\u00fcmlerine g\u00f6re MACHINNOVA M\u00dcHEND\u0130SL\u0130K VE OTOMASYON SAN. VE T\u0130C. LTD. \u015eT\u0130. , ERTAN S\u00d6NMEZ, \u201cVeri Sorumlusu\u201ddur. Bu<\/p>\n<p>\u00e7er\u00e7evede, ayd\u0131nlatma y\u00fck\u00fcml\u00fcl\u00fc\u011f\u00fc ile veri sahiplerini veri sorumlusunun kimli\u011fi, ki\u015fisel veri i\u015fleme ama\u00e7lar\u0131, ki\u015fisel verilerin aktar\u0131ld\u0131\u011f\u0131 ki\u015filer ve aktarma ama\u00e7lar\u0131, ki\u015fisel verilerin toplanmas\u0131n\u0131n hukuki sebepleri, kimlere aktar\u0131labilece\u011fi ve y\u00f6ntemleri, ki\u015fisel veri sahibinin veri sorumlusuna y\u00f6neltece\u011fi g\u00fcncelleme, silinme ya da anonimle\u015ftirme gibi KVKK\u2019 n\u0131n 11\u2019inci maddesinde say\u0131lan haklar\u0131 konusunda bilgilendirme y\u00fck\u00fcml\u00fcl\u00fc\u011f\u00fc getirmi\u015ftir.<\/p>\n<p>Veri Sorumlusu s\u0131fat\u0131yla MACHINNOVA M\u00dcHEND\u0130SL\u0130K VE OTOMASYON SAN. VE T\u0130C. LTD. \u015eT\u0130. , ERTAN S\u00d6NMEZ, Ki\u015fisel Verilerin \u0130\u015flenmesine \u0130li\u015fkin Ayd\u0131nlatma Metni ile KVKK\u2019 n\u0131n 10\u2019uncu maddesi h\u00fckm\u00fc uyar\u0131nca ki\u015fisel verilerinizi mevzuatta \u00f6ng\u00f6r\u00fclen s\u0131n\u0131rlar ve \u015fartlar dahilinde i\u015fledi\u011fi hususunda veri sahiplerini bilgilendirmekte ve ayd\u0131nlatmaktad\u0131r.<\/p>\n<h3>2.\u00a0 Veri Sorumlusunun Kimli\u011fi<\/h3>\n<p>KVKK\u2019 n\u0131n 3\u2019\u00fcnc\u00fc maddesinin 1\u2019inci f\u0131kras\u0131n\u0131n (\u0131) bendinde veri sorumlusu, \u201cKi\u015fisel verilerin i\u015fleme ama\u00e7lar\u0131n\u0131 ve vas\u0131talar\u0131n\u0131 belirleyen, veri kay\u0131t sisteminin kurulmas\u0131ndan ve y\u00f6netilmesinden sorumlu olan ger\u00e7ek veya t\u00fczel ki\u015filer\u201d olarak tan\u0131mlanm\u0131\u015ft\u0131r. Bu \u00e7er\u00e7evede veri sorumlusu, MACHINNOVA M\u00dcHEND\u0130SL\u0130K VE OTOMASYON SAN. VE T\u0130C. LTD. \u015eT\u0130. , ERTAN S\u00d6NMEZ\u2019 dir.<\/p>\n<p>MACHINNOVA M\u00dcHEND\u0130SL\u0130K VE OTOMASYON SAN. VE T\u0130C. LTD. \u015eT\u0130. , ERTAN S\u00d6NMEZ<\/p>\n<p>&nbsp;<\/p>\n<table>\n<tbody>\n<tr>\n<td width=\"190\">Vergi No<\/td>\n<td width=\"23\">:<\/td>\n<td width=\"436\">6091333782<\/td>\n<\/tr>\n<tr>\n<td width=\"190\">\u0130nternet Adresi<\/td>\n<td width=\"23\">:<\/td>\n<td width=\"436\"><u>https:\/\/<\/u><a href=\"http:\/\/www.coborator.com\/\">www.coborator.com<\/a><\/td>\n<\/tr>\n<tr>\n<td width=\"190\">Telefon Numaras\u0131<\/td>\n<td width=\"23\">:<\/td>\n<td width=\"436\"><\/td>\n<\/tr>\n<tr>\n<td width=\"190\">Adres<\/td>\n<td width=\"23\">:<\/td>\n<td width=\"436\">Azmimilli Mah. Ayd\u0131np\u0131nar Cad. No:61 Daire:11 Merkez\/D\u00fczce<\/td>\n<\/tr>\n<tr>\n<td width=\"190\">KEP Adresi<\/td>\n<td width=\"23\">:<\/td>\n<td width=\"436\"><\/td>\n<\/tr>\n<tr>\n<td width=\"190\">Ba\u015fvuru Adresi<\/td>\n<td width=\"23\">:<\/td>\n<td width=\"436\"><\/td>\n<\/tr>\n<\/tbody>\n<\/table>\n<p>&nbsp;<\/p>\n<h3>3.\u00a0 Veri \u0130\u015fleyen<\/h3>\n<p>Veri sorumlusunun verdi\u011fi yetkiye dayanarak onun ad\u0131na ki\u015fisel verileri i\u015fleyen ger\u00e7ek veya t\u00fczel ki\u015fi KVKK m. 3\u2019te \u201cVeri \u0130\u015fleyen\u201d olarak tan\u0131mlanm\u0131\u015ft\u0131r.<\/p>\n<h3>4.\u00a0 Ki\u015fisel Verilerinizin \u0130\u015flenme Ama\u00e7lar\u0131<\/h3>\n<p>Ki\u015fisel verileriniz KVKK\u2019 daki ilkeler do\u011frultusunda;<\/p>\n<ol>\n<li>MACHINNOVA M\u00dcHEND\u0130SL\u0130K VE OTOMASYON VE T\u0130C. LTD. \u015eT\u0130. taraf\u0131ndan sunulan \u00fcr\u00fcn ve hizmetlerden haberdar olabilmeniz, sizlerin daha iyi yararland\u0131r\u0131lmas\u0131;<\/li>\n<li>MACHINNOVA M\u00dcHEND\u0130SL\u0130K VE OTOMASYON VE T\u0130C. LTD. \u015eT\u0130. taraf\u0131ndan sunulan \u00fcr\u00fcnlerin\/hizmetlerin kalitesinin art\u0131r\u0131lmas\u0131, m\u00fc\u015fterilerimizin ihtiya\u00e7lar\u0131, be\u011fenileri ve kullan\u0131m al\u0131\u015fkanl\u0131klar\u0131na g\u00f6re \u00f6zelle\u015ftirilerek sunumu ve \u00f6nerilmesi;<\/li>\n<li>Sizleri hizmetlerimiz konusunda bilgilendirebilmek ve gerekli durumlarda da sizleri ayd\u0131nlatmak ve amac\u0131yla i\u015fliyoruz.<\/li>\n<li>\u0130nsan kaynaklar\u0131 politikalar\u0131m\u0131z\u0131n en iyi \u015fekilde planlanmas\u0131 ve uygulanmas\u0131; ticari ortakl\u0131klar\u0131m\u0131z\u0131n ve stratejilerimizin do\u011fru olarak planlanmas\u0131 ve y\u00fcr\u00fct\u00fclmesi; \u015firketimizin ve i\u015f ortaklar\u0131m\u0131z\u0131n hukuki, ticari ve fiziki g\u00fcvenli\u011finin temini, kurumsal i\u015fleyi\u015finin sa\u011flanmas\u0131, sunulan \u00fcr\u00fcn ve hizmetlerden sizleri en iyi \u015fekilde faydaland\u0131rmak i\u00e7in \u00e7al\u0131\u015fmalar\u0131n yap\u0131lmas\u0131,<\/li>\n<li>Veri g\u00fcvenli\u011finin en \u00fcst d\u00fczeyde sa\u011flanmas\u0131, veri tabanlar\u0131n\u0131n olu\u015fturulmas\u0131 internet sitesinde sunulan hizmetlerin geli\u015ftirilmesi, \u015firketimize talep ve \u015fikayetlerini iletenler ile ileti\u015fime ge\u00e7ilmesi, \u015firketimizin internet sitesinde olu\u015fan hatalar\u0131n giderilmesi ve internet sitemizden payla\u015f\u0131lm\u0131\u015f olan <u>GizlilikPolitikas\u0131<\/u>\u2019nda yer alan h\u00fck\u00fcmlerin uygunlu\u011funun sa\u011flanmas\u0131,<\/li>\n<li>\u015eirketimize ait stratejilerin belirlenmesi ama\u00e7lar\u0131yla KVK Kanunu\u2019nun 5. ve 6. maddelerinde belirtilen ki\u015fisel veri i\u015fleme \u015fartlar\u0131 kapsam\u0131nda i\u015flenir.<\/li>\n<\/ol>\n<h3>5.\u00a0 Ki\u015fisel Verileri \u0130\u015flemeye \u0130li\u015fkin \u0130lkelerimiz<\/h3>\n<p>MACHINNOVA M\u00dcHEND\u0130SL\u0130K VE OTOMASYON SAN. VE T\u0130C. LTD. \u015eT\u0130. olarak;<\/p>\n<ol>\n<li>a)Hukuka ve d\u00fcr\u00fcstl\u00fck kurallar\u0131na uygun i\u015flemeyi,\n<ol>\n<li>Do\u011fru ve g\u00fcncelli\u011fi sa\u011flama gayretinde olmay\u0131,<\/li>\n<li>Belirli, a\u00e7\u0131k ve me\u015fru ama\u00e7lar i\u00e7in i\u015flenmeyi,<\/li>\n<\/ol>\n<\/li>\n<\/ol>\n<p>\u00e7) \u0130\u015flendikleri ama\u00e7la ba\u011flant\u0131l\u0131, s\u0131n\u0131rl\u0131 ve \u00f6l\u00e7\u00fcl\u00fc olmay\u0131,<\/p>\n<ol>\n<li>\u0130lgili mevzuatta \u00f6ng\u00f6r\u00fclen veya i\u015flendikleri ama\u00e7 i\u00e7in gerekli olan s\u00fcre kadar muhafaza edilmeyi ilke<\/li>\n<\/ol>\n<h3>6.\u00a0 Ki\u015fisel Verilerin \u0130\u015flenme Yollar\u0131<\/h3>\n<p>Verileriniz, MACHINNOVA M\u00dcHEND\u0130SL\u0130K VE OTOMASYON SAN. VE T\u0130C. LTD. \u015eT\u0130.\u2019 nde ancak <strong>r\u0131zan\u0131z <\/strong>ya da <strong>kanuna uygunluk hallerinden <\/strong>birinin varl\u0131\u011f\u0131 halinde tutulur ve i\u015flenir.<\/p>\n<h3>7.\u00a0 \u0130\u015flenen Ki\u015fisel Verilerin Kimlere ve Hangi Ama\u00e7la Aktar\u0131labilece\u011fi<\/h3>\n<p>\u015eirketimizde KVKK\u2019 ya uygun olarak toplanan ve i\u015flenen ki\u015fisel verileriniz, sadece i\u015fin yap\u0131labilmesi amac\u0131yla ve gizlilik s\u00f6zle\u015fmeleri e\u015fli\u011finde; MACHINNOVA M\u00dcHEND\u0130SL\u0130K VE OTOMASYON SAN. VE T\u0130C. LTD. \u015eT\u0130. , ki\u015fisel verileri \u00e7\u00f6z\u00fcm ortaklar\u0131na ve ifa yard\u0131mc\u0131s\u0131 konumundaki \u015firketlere aktar\u0131labilecektir.<\/p>\n<h3>8.\u00a0 Ki\u015fisel Verilerinizi Toplamam\u0131z\u0131n Y\u00f6ntemi ve Hukuki Sebebi<\/h3>\n<p>Ki\u015fisel verileriniz, \u015firketimiz taraf\u0131ndan verilen hizmet, \u00fcr\u00fcn ya da ticari faaliyete ba\u011fl\u0131 olarak de\u011fi\u015fkenlik g\u00f6sterebilmekle;<\/p>\n<p>KVKK m. 4, 5 ve 6\u2019ya uygun bir \u015fekilde, otomatik ya da otomatik olmayan y\u00f6ntemlerle, ofisler, \u00e7a\u011fr\u0131 merkezi, internet sitesi, sosyal medya mecralar\u0131, mobil uygulamalar ve benzeri vas\u0131talarla s\u00f6zl\u00fc, yaz\u0131l\u0131 ya da elektronik olarak toplanabilecek, g\u00fcncellenerek i\u015flenebilecektir.<\/p>\n<p>Ki\u015fisel verileriniz, her t\u00fcrl\u00fc s\u00f6zl\u00fc, yaz\u0131l\u0131 ya da elektronik ortamda, yukar\u0131da yer verilen ama\u00e7lar do\u011frultusunda \u015firketimizce sundu\u011fumuz \u00fcr\u00fcn ve\/veya hizmetlerin belirlenen yasal \u00e7er\u00e7evede sunulabilmesi ve bu kapsamda \u015firketimizin s\u00f6zle\u015fme ve yasadan do\u011fan y\u00fck\u00fcml\u00fcl\u00fcklerini eksiksiz ve do\u011fru bir \u015fekilde yerine getirebilmesi amac\u0131 ile edinilir. Bu hukuki sebeple toplanan ki\u015fisel verileriniz KVK Kanununun 5. ve 6. maddelerinde belirtilen ki\u015fisel veri i\u015fleme \u015fartlar\u0131 ve ama\u00e7lar\u0131 kapsam\u0131nda bu Ayd\u0131nlatma Metninde belirtilen ama\u00e7lar dahilinde de i\u015flenebilmekte ve aktar\u0131labilmektedir.<\/p>\n<h3>9.\u00a0 Nas\u0131l Koruyoruz?<\/h3>\n<p>MACHINNOVA M\u00dcHEND\u0130SL\u0130K VE OTOMASYON SAN. VE T\u0130C. LTD. \u015eT\u0130. taraf\u0131ndan toplanan ki\u015fisel verilerin korunmas\u0131 ve yetkisiz ki\u015filerin eline ge\u00e7memesi ve m\u00fc\u015fterilerimizin ve m\u00fc\u015fteri adaylar\u0131m\u0131z\u0131n ma\u011fdur olmamas\u0131 i\u00e7in gerekli teknik ve idari b\u00fct\u00fcn tedbirler al\u0131nmaktad\u0131r. Bu \u00e7er\u00e7evede yaz\u0131l\u0131mlar\u0131n standartlara uygun olmas\u0131, \u00fc\u00e7\u00fcnc\u00fc taraflar\u0131n \u00f6zenle se\u00e7ilmesi ve \u015firketimiz i\u00e7inde <em><u>Gizlilik Politikam\u0131za <\/u><\/em>riayet edilmesi sa\u011flanmaktad\u0131r.<\/p>\n<h3>10.\u00a0 Ki\u015fisel Veri Sahibinin Haklar\u0131 ve Ba\u015fvuru<\/h3>\n<p>Ki\u015fisel veri sahipleri olarak, KVKK m. 11\u2019de say\u0131lan haklar\u0131n\u0131za ili\u015fkin taleplerinizi, i\u015fbu Ayd\u0131nlatma Metninde a\u015fa\u011f\u0131da d\u00fczenlenen y\u00f6ntemlerle \u015firketimize iletmeniz durumunda \u015firketimiz niteli\u011fine g\u00f6re, talebi en ge\u00e7 otuz g\u00fcn i\u00e7inde \u00fccretsiz olarak sonu\u00e7land\u0131racakt\u0131r. Ancak, Ki\u015fisel Verileri Koruma Kurulunca bir \u00fccret \u00f6ng\u00f6r\u00fclmesi halinde, \u015firketimiz taraf\u0131ndan belirlenen tarifedeki \u00fccret al\u0131nacakt\u0131r. Ayr\u0131ca y\u00fcr\u00fcrl\u00fckte olan mevzuat uyar\u0131nca ki\u015fisel verilere ili\u015fkin ba\u015fvurular veri sahibinin bizzat kendisi taraf\u0131ndan yap\u0131lmak zorunda oldu\u011fundan ba\u015fvurular\u0131n\u0131z\u0131n sadece sizlerle ilgili k\u0131sm\u0131 cevaplanacak olup, e\u015finiz, yak\u0131n\u0131n\u0131z ya da arkada\u015f\u0131n\u0131z hakk\u0131nda yap\u0131lan bir ba\u015fvuru kabul edilmeyecektir.<\/p>\n<p>Bu kapsamda ki\u015fisel veri sahipleri taraf\u0131ndan internet sayfam\u0131zda duyurulan ilgilimize ba\u015fvurarak kendinizle ilgili olarak;<\/p>\n<ol>\n<li>Ki\u015fisel veri i\u015flenip i\u015flenmedi\u011fini \u00f6\u011frenme,<\/li>\n<li>Ki\u015fisel verileri i\u015flenmi\u015fse buna ili\u015fkin bilgi talep etme,<\/li>\n<li>Ki\u015fisel verilerin i\u015flenme amac\u0131n\u0131 ve bunlar\u0131n amac\u0131na uygun kullan\u0131l\u0131p kullan\u0131lmad\u0131\u011f\u0131n\u0131 \u00f6\u011frenme,<\/li>\n<li>Yurt i\u00e7inde veya yurt d\u0131\u015f\u0131nda ki\u015fisel verilerin aktar\u0131ld\u0131\u011f\u0131 \u00fc\u00e7\u00fcnc\u00fc ki\u015fileri bilme,<\/li>\n<li>Ki\u015fisel verilerin eksik veya yanl\u0131\u015f i\u015flenmi\u015f olmas\u0131 h\u00e2linde bunlar\u0131n d\u00fczeltilmesini isteme ve bu kapsamda yap\u0131lan i\u015flemin ki\u015fisel verilerin aktar\u0131ld\u0131\u011f\u0131 \u00fc\u00e7\u00fcnc\u00fc ki\u015filere bildirilmesini isteme,<\/li>\n<li>KVK Kanununun ve ilgili di\u011fer kanun h\u00fck\u00fcmlerine uygun olarak i\u015flenmi\u015f olmas\u0131na ra\u011fmen, i\u015flenmesini gerektiren sebeplerin ortadan kalkmas\u0131 h\u00e2linde ki\u015fisel verilerin silinmesini veya yok edilmesini isteme ve bu kapsamda yap\u0131lan i\u015flemin ki\u015fisel verilerin aktar\u0131ld\u0131\u011f\u0131 \u00fc\u00e7\u00fcnc\u00fc ki\u015filere bildirilmesini isteme,<\/li>\n<li>\u0130\u015flenen verilerin m\u00fcnhas\u0131ran otomatik sistemler vas\u0131tas\u0131yla analiz edilmesi suretiyle ki\u015finin kendisi aleyhine bir sonucun ortaya \u00e7\u0131kmas\u0131na itiraz etme,<\/li>\n<li>Ki\u015fisel verilerin kanuna ayk\u0131r\u0131 olarak i\u015flenmesi sebebiyle zarara u\u011framas\u0131 h\u00e2linde zarar\u0131n giderilmesini talep etme haklar\u0131na<\/li>\n<\/ol>\n<h1>11. Ba\u015fvurunun Yap\u0131lmas\u0131<\/h1>\n<p>KVK Kanununun 13. maddesinin 1. f\u0131kras\u0131 gere\u011fince, ayn\u0131 kanunun 11. maddesinde belirtilen haklar\u0131n\u0131z\u0131 kullanmak ile ilgili talebinizi kay\u0131tl\u0131 elektronik posta (KEP) adresi ya da \u015firketimize daha \u00f6nce bildirdi\u011finiz ve sistemimizde kay\u0131tl\u0131 bulunan elektronik posta adresini kullanmak suretiyle, <a href=\"http:\/\/www.coborator.com\/\"><strong>www.coborator.com<\/strong><\/a> adresine ya da yaz\u0131l\u0131 olarak \u015fahsen, noter veya iadeli taahh\u00fctl\u00fc posta vas\u0131tas\u0131yla iletebilirsiniz. Gerekli a\u00e7\u0131klamalar ile <strong><u>ba\u015fvuru ve bi<\/u>lgi talep formu <\/strong>\u2018na linkten ula\u015fabilirsiniz.<\/p>\n<p>Ba\u015fvuruda;<\/p>\n<ol>\n<li>a) Ad\u0131n\u0131z, soyad\u0131n\u0131z ve ba\u015fvuru yaz\u0131l\u0131 ise imzan\u0131z,<\/li>\n<li>b) T\u00fcrkiye Cumhuriyeti vatanda\u015f\u0131 iseniz C. kimlik numaras\u0131, yabanc\u0131 iseniz uyru\u011funuz, pasaport numaran\u0131z veya varsa kimlik numaran\u0131z,<\/li>\n<li>c) Tebligata esas yerle\u015fim yeri veya i\u015f yeri adresiniz,<\/li>\n<\/ol>\n<p>\u00e7) Varsa bildirime esas elektronik posta adresiniz, telefon ve faks numaran\u0131z,<\/p>\n<ol>\n<li>d) Talep konunuzun bulunmas\u0131 Konuya ili\u015fkin bilgi ve belgeler ba\u015fvuruya eklenmelidir.<\/li>\n<\/ol>\n","protected":false},"excerpt":{"rendered":"<p>Ki\u015fisel Veri Koruma A\u00e7\u0131klamas\u0131 ve Ayd\u0131nlatma Metni MACHINNOVA M\u00dcHEND\u0130SL\u0130K VE OTOMASYON SAN. VE T\u0130C. LTD. \u015eT\u0130. olarak sizlere ait ki\u015fisel verilerin ve \u00f6zel bilgilerin korunmas\u0131 bizim i\u00e7in \u00f6nemlidir. Bu nedenle \u015firketimiz ile ili\u015fkili \u015fah\u0131slara ait ki\u015fisel verilerin 6698 say\u0131l\u0131 Ki\u015fisel Verilerin Korunmas\u0131 Kanununa (\u201cKVKK\u201d) uygun olarak i\u015flenerek, muhafaza edilmesi hususunda gereken b\u00fct\u00fcn gayret ve \u00f6zeni &hellip; <a href=\"https:\/\/www.coborator.com\/en\/kvkk\/\" class=\"more-link\">Continue reading <span class=\"screen-reader-text\">KVKK<\/span><\/a><\/p>\n","protected":false},"author":1,"featured_media":0,"parent":0,"menu_order":0,"comment_status":"closed","ping_status":"closed","template":"","meta":{"footnotes":""},"class_list":["post-5605","page","type-page","status-publish","hentry"],"_links":{"self":[{"href":"https:\/\/www.coborator.com\/en\/wp-json\/wp\/v2\/pages\/5605","targetHints":{"allow":["GET"]}}],"collection":[{"href":"https:\/\/www.coborator.com\/en\/wp-json\/wp\/v2\/pages"}],"about":[{"href":"https:\/\/www.coborator.com\/en\/wp-json\/wp\/v2\/types\/page"}],"author":[{"embeddable":true,"href":"https:\/\/www.coborator.com\/en\/wp-json\/wp\/v2\/users\/1"}],"replies":[{"embeddable":true,"href":"https:\/\/www.coborator.com\/en\/wp-json\/wp\/v2\/comments?post=5605"}],"version-history":[{"count":2,"href":"https:\/\/www.coborator.com\/en\/wp-json\/wp\/v2\/pages\/5605\/revisions"}],"predecessor-version":[{"id":5608,"href":"https:\/\/www.coborator.com\/en\/wp-json\/wp\/v2\/pages\/5605\/revisions\/5608"}],"wp:attachment":[{"href":"https:\/\/www.coborator.com\/en\/wp-json\/wp\/v2\/media?parent=5605"}],"curies":[{"name":"wp","href":"https:\/\/api.w.org\/{rel}","templated":true}]}}